{"id":1573,"date":"2021-09-23T00:47:25","date_gmt":"2021-09-23T00:47:25","guid":{"rendered":"https:\/\/hermanasdelaveracruz.avir.consulting\/?page_id=1573"},"modified":"2024-10-27T23:03:12","modified_gmt":"2024-10-27T23:03:12","slug":"animacion-vocacional","status":"publish","type":"page","link":"https:\/\/hermanasdelaveracruz.avir.consulting\/?page_id=1573","title":{"rendered":"Animaci\u00f3n Vocacional"},"content":{"rendered":"\t\t<div data-elementor-type=\"wp-page\" data-elementor-id=\"1573\" class=\"elementor elementor-1573\">\n\t\t\t\t\t\t<section class=\"elementor-section elementor-top-section elementor-element elementor-element-424c0c6d elementor-section-content-middle elementor-section-stretched elementor-section-boxed elementor-section-height-default elementor-section-height-default parallax_section_no qode_elementor_container_no\" data-id=\"424c0c6d\" data-element_type=\"section\" data-e-type=\"section\" data-settings=\"{&quot;background_background&quot;:&quot;classic&quot;,&quot;stretch_section&quot;:&quot;section-stretched&quot;}\">\n\t\t\t\t\t\t\t<div class=\"elementor-background-overlay\"><\/div>\n\t\t\t\t\t\t\t<div class=\"elementor-container elementor-column-gap-no\">\n\t\t\t\t\t<div class=\"elementor-column elementor-col-50 elementor-top-column elementor-element elementor-element-429d8ae\" data-id=\"429d8ae\" data-element_type=\"column\" data-e-type=\"column\">\n\t\t\t<div class=\"elementor-widget-wrap elementor-element-populated\">\n\t\t\t\t\t\t<div class=\"elementor-element elementor-element-16cf332 elementor-widget elementor-widget-image\" data-id=\"16cf332\" data-element_type=\"widget\" data-e-type=\"widget\" data-widget_type=\"image.default\">\n\t\t\t\t<div class=\"elementor-widget-container\">\n\t\t\t\t\t\t\t\t\t\t\t\t\t\t\t<img fetchpriority=\"high\" decoding=\"async\" width=\"450\" height=\"802\" src=\"https:\/\/hermanasdelaveracruz.avir.consulting\/wp-content\/uploads\/2021\/09\/phone-x-copia.png\" class=\"attachment-full size-full wp-image-1590\" alt=\"\" srcset=\"https:\/\/hermanasdelaveracruz.avir.consulting\/wp-content\/uploads\/2021\/09\/phone-x-copia.png 450w, https:\/\/hermanasdelaveracruz.avir.consulting\/wp-content\/uploads\/2021\/09\/phone-x-copia-168x300.png 168w\" sizes=\"(max-width: 450px) 100vw, 450px\" \/>\t\t\t\t\t\t\t\t\t\t\t\t\t\t\t<\/div>\n\t\t\t\t<\/div>\n\t\t\t\t\t<\/div>\n\t\t<\/div>\n\t\t\t\t<div class=\"elementor-column elementor-col-50 elementor-top-column elementor-element elementor-element-69fdad2\" data-id=\"69fdad2\" data-element_type=\"column\" data-e-type=\"column\">\n\t\t\t<div class=\"elementor-widget-wrap elementor-element-populated\">\n\t\t\t\t\t\t<div class=\"elementor-element elementor-element-41d4dd3 elementor-widget elementor-widget-image\" data-id=\"41d4dd3\" data-element_type=\"widget\" data-e-type=\"widget\" data-widget_type=\"image.default\">\n\t\t\t\t<div class=\"elementor-widget-container\">\n\t\t\t\t\t\t\t\t\t\t\t\t\t\t\t<img decoding=\"async\" width=\"1998\" height=\"2494\" src=\"https:\/\/hermanasdelaveracruz.avir.consulting\/wp-content\/uploads\/2022\/03\/Animacion-Vocacional-Orizaba-Completo-1.png\" class=\"attachment-full size-full wp-image-2508\" alt=\"\" srcset=\"https:\/\/hermanasdelaveracruz.avir.consulting\/wp-content\/uploads\/2022\/03\/Animacion-Vocacional-Orizaba-Completo-1.png 1998w, https:\/\/hermanasdelaveracruz.avir.consulting\/wp-content\/uploads\/2022\/03\/Animacion-Vocacional-Orizaba-Completo-1-240x300.png 240w, https:\/\/hermanasdelaveracruz.avir.consulting\/wp-content\/uploads\/2022\/03\/Animacion-Vocacional-Orizaba-Completo-1-820x1024.png 820w, https:\/\/hermanasdelaveracruz.avir.consulting\/wp-content\/uploads\/2022\/03\/Animacion-Vocacional-Orizaba-Completo-1-768x959.png 768w, https:\/\/hermanasdelaveracruz.avir.consulting\/wp-content\/uploads\/2022\/03\/Animacion-Vocacional-Orizaba-Completo-1-1231x1536.png 1231w, https:\/\/hermanasdelaveracruz.avir.consulting\/wp-content\/uploads\/2022\/03\/Animacion-Vocacional-Orizaba-Completo-1-1641x2048.png 1641w, https:\/\/hermanasdelaveracruz.avir.consulting\/wp-content\/uploads\/2022\/03\/Animacion-Vocacional-Orizaba-Completo-1-700x874.png 700w\" sizes=\"(max-width: 1998px) 100vw, 1998px\" \/>\t\t\t\t\t\t\t\t\t\t\t\t\t\t\t<\/div>\n\t\t\t\t<\/div>\n\t\t\t\t\t<\/div>\n\t\t<\/div>\n\t\t\t\t\t<\/div>\n\t\t<\/section>\n\t\t\t\t<section class=\"elementor-section elementor-top-section elementor-element elementor-element-93ac0a7 elementor-section-boxed elementor-section-height-default elementor-section-height-default parallax_section_no qode_elementor_container_no\" data-id=\"93ac0a7\" data-element_type=\"section\" data-e-type=\"section\">\n\t\t\t\t\t\t<div class=\"elementor-container elementor-column-gap-default\">\n\t\t\t\t\t<div class=\"elementor-column elementor-col-100 elementor-top-column elementor-element elementor-element-2b9a04d\" data-id=\"2b9a04d\" data-element_type=\"column\" data-e-type=\"column\">\n\t\t\t<div class=\"elementor-widget-wrap elementor-element-populated\">\n\t\t\t\t\t\t<div class=\"elementor-element elementor-element-79a7f78 elementor-widget elementor-widget-text-editor\" data-id=\"79a7f78\" data-element_type=\"widget\" data-e-type=\"widget\" data-widget_type=\"text-editor.default\">\n\t\t\t\t<div class=\"elementor-widget-container\">\n\t\t\t\t\t\t\t\t\t<p><span style=\"font-weight: 400;\">Ante la cultura emergente del hombre que piensa que no ha sido llamado a colaborar en la construcci\u00f3n del Reino en los diferentes estados de vida (matrimonial, solter\u00eda, vida consagrada), se hace importante proclamar que <\/span><b>todos y cada uno <\/b><span style=\"font-weight: 400;\">hemos recibido <\/span><b>la vocaci\u00f3n al servicio y a la entrega a los dem\u00e1s.<\/b><\/p><p><span style=\"font-weight: 400;\">Nosotras las <\/span><b>Hermanas de la Vera Cruz Hijas de la Iglesia <\/b><span style=\"font-weight: 400;\">te invitamos a vivir en <\/span><b>cultura vocacional<\/b><span style=\"font-weight: 400;\">, sembrando el amor de Dios y el testimonio.\u00a0<\/span><\/p>\t\t\t\t\t\t\t\t<\/div>\n\t\t\t\t<\/div>\n\t\t\t\t\t<\/div>\n\t\t<\/div>\n\t\t\t\t\t<\/div>\n\t\t<\/section>\n\t\t\t\t<section class=\"elementor-section elementor-top-section elementor-element elementor-element-30a0be0 elementor-section-stretched elementor-section-boxed elementor-section-height-default elementor-section-height-default parallax_section_no qode_elementor_container_no\" data-id=\"30a0be0\" data-element_type=\"section\" data-e-type=\"section\" data-settings=\"{&quot;stretch_section&quot;:&quot;section-stretched&quot;}\">\n\t\t\t\t\t\t<div class=\"elementor-container elementor-column-gap-default\">\n\t\t\t\t\t<div class=\"elementor-column elementor-col-100 elementor-top-column elementor-element elementor-element-6a65ea6\" data-id=\"6a65ea6\" data-element_type=\"column\" data-e-type=\"column\">\n\t\t\t<div class=\"elementor-widget-wrap elementor-element-populated\">\n\t\t\t\t\t\t<div class=\"elementor-element elementor-element-952e240 elementor-widget elementor-widget-media-carousel\" data-id=\"952e240\" data-element_type=\"widget\" data-e-type=\"widget\" data-widget_type=\"media-carousel.default\">\n\t\t\t\t<div class=\"elementor-widget-container\">\n\t\t\t\t\t \t\t\t\t<\/div>\n\t\t\t\t<\/div>\n\t\t\t\t\t<\/div>\n\t\t<\/div>\n\t\t\t\t\t<\/div>\n\t\t<\/section>\n\t\t\t\t<section class=\"elementor-section elementor-top-section elementor-element elementor-element-73383604 elementor-section-content-middle elementor-section-stretched elementor-section-boxed elementor-section-height-default elementor-section-height-default parallax_section_no qode_elementor_container_no\" data-id=\"73383604\" data-element_type=\"section\" data-e-type=\"section\" data-settings=\"{&quot;background_background&quot;:&quot;gradient&quot;,&quot;stretch_section&quot;:&quot;section-stretched&quot;,&quot;shape_divider_bottom&quot;:&quot;opacity-tilt&quot;}\">\n\t\t\t\t\t<div class=\"elementor-shape elementor-shape-bottom\" aria-hidden=\"true\" data-negative=\"false\">\n\t\t\t<svg xmlns=\"http:\/\/www.w3.org\/2000\/svg\" viewBox=\"0 0 2600 131.1\" preserveAspectRatio=\"none\">\n\t<path class=\"elementor-shape-fill\" d=\"M0 0L2600 0 2600 69.1 0 0z\"\/>\n\t<path class=\"elementor-shape-fill\" style=\"opacity:0.5\" d=\"M0 0L2600 0 2600 69.1 0 69.1z\"\/>\n\t<path class=\"elementor-shape-fill\" style=\"opacity:0.25\" d=\"M2600 0L0 0 0 130.1 2600 69.1z\"\/>\n<\/svg>\t\t<\/div>\n\t\t\t\t\t<div class=\"elementor-container elementor-column-gap-no\">\n\t\t\t\t\t<div class=\"elementor-column elementor-col-100 elementor-top-column elementor-element elementor-element-52b54c4c\" data-id=\"52b54c4c\" data-element_type=\"column\" data-e-type=\"column\">\n\t\t\t<div class=\"elementor-widget-wrap elementor-element-populated\">\n\t\t\t\t\t\t<div class=\"elementor-element elementor-element-602f8d8 elementor-widget elementor-widget-heading\" data-id=\"602f8d8\" data-element_type=\"widget\" data-e-type=\"widget\" data-widget_type=\"heading.default\">\n\t\t\t\t<div class=\"elementor-widget-container\">\n\t\t\t\t\t<h6 class=\"elementor-heading-title elementor-size-default\">\u00bfCu\u00e1l es la clave primordial para impulsar, acompa\u00f1ar y sostener las vocaciones?\n<\/h6>\t\t\t\t<\/div>\n\t\t\t\t<\/div>\n\t\t\t\t<div class=\"elementor-element elementor-element-8aa4528 elementor-widget elementor-widget-heading\" data-id=\"8aa4528\" data-element_type=\"widget\" data-e-type=\"widget\" data-widget_type=\"heading.default\">\n\t\t\t\t<div class=\"elementor-widget-container\">\n\t\t\t\t\t<span class=\"elementor-heading-title elementor-size-default\">Este programa lo traz\u00f3 Nuestro Se\u00f1or cuando dijo: \u201cLa mies es mucha y los obreros pocos. Rueguen al due\u00f1o de la mies que mande obreros a su campo\u201d. Mt. 9, 37-38<br>\n<br>\nA la luz de estas palabras del Se\u00f1or, tenemos presente que los mejores medios para promover las vocaciones son: la oraci\u00f3n, la observancia vivida como testimonio en esp\u00edritu de sacrificio y la alegr\u00eda en el servicio de los dem\u00e1s.\n<\/span>\t\t\t\t<\/div>\n\t\t\t\t<\/div>\n\t\t\t\t<div class=\"elementor-element elementor-element-6d02990 elementor-widget elementor-widget-image\" data-id=\"6d02990\" data-element_type=\"widget\" data-e-type=\"widget\" data-widget_type=\"image.default\">\n\t\t\t\t<div class=\"elementor-widget-container\">\n\t\t\t\t\t\t\t\t\t\t\t\t\t\t\t<img decoding=\"async\" width=\"768\" height=\"432\" src=\"https:\/\/hermanasdelaveracruz.avir.consulting\/wp-content\/uploads\/2021\/10\/IMG-20191021-WA0025-768x432.jpg\" class=\"attachment-medium_large size-medium_large wp-image-1773\" alt=\"\" srcset=\"https:\/\/hermanasdelaveracruz.avir.consulting\/wp-content\/uploads\/2021\/10\/IMG-20191021-WA0025-768x432.jpg 768w, https:\/\/hermanasdelaveracruz.avir.consulting\/wp-content\/uploads\/2021\/10\/IMG-20191021-WA0025-300x169.jpg 300w, https:\/\/hermanasdelaveracruz.avir.consulting\/wp-content\/uploads\/2021\/10\/IMG-20191021-WA0025-1024x576.jpg 1024w, https:\/\/hermanasdelaveracruz.avir.consulting\/wp-content\/uploads\/2021\/10\/IMG-20191021-WA0025-700x394.jpg 700w, https:\/\/hermanasdelaveracruz.avir.consulting\/wp-content\/uploads\/2021\/10\/IMG-20191021-WA0025-539x303.jpg 539w, https:\/\/hermanasdelaveracruz.avir.consulting\/wp-content\/uploads\/2021\/10\/IMG-20191021-WA0025.jpg 1280w\" sizes=\"(max-width: 768px) 100vw, 768px\" \/>\t\t\t\t\t\t\t\t\t\t\t\t\t\t\t<\/div>\n\t\t\t\t<\/div>\n\t\t\t\t<div class=\"elementor-element elementor-element-9562a92 elementor-widget elementor-widget-heading\" data-id=\"9562a92\" data-element_type=\"widget\" data-e-type=\"widget\" data-widget_type=\"heading.default\">\n\t\t\t\t<div class=\"elementor-widget-container\">\n\t\t\t\t\t<h6 class=\"elementor-heading-title elementor-size-default\">\u00bfQu\u00e9 ofrecemos?\n<\/h6>\t\t\t\t<\/div>\n\t\t\t\t<\/div>\n\t\t\t\t<div class=\"elementor-element elementor-element-9c8de0a elementor-widget elementor-widget-heading\" data-id=\"9c8de0a\" data-element_type=\"widget\" data-e-type=\"widget\" data-widget_type=\"heading.default\">\n\t\t\t\t<div class=\"elementor-widget-container\">\n\t\t\t\t\t<span class=\"elementor-heading-title elementor-size-default\">Procesos de discernimiento personal-vocacional, por lo menos durante un a\u00f1o; en el cual se ofrecen entrevistas mensuales, fichas vocacionales, talleres de discernimiento, invitaci\u00f3n a eventos significativos congregacionales y trato con la familia.\n<\/span>\t\t\t\t<\/div>\n\t\t\t\t<\/div>\n\t\t\t\t<div class=\"elementor-element elementor-element-4e945e3 elementor-widget elementor-widget-image\" data-id=\"4e945e3\" data-element_type=\"widget\" data-e-type=\"widget\" data-widget_type=\"image.default\">\n\t\t\t\t<div class=\"elementor-widget-container\">\n\t\t\t\t\t\t\t\t\t\t\t\t\t\t\t<img loading=\"lazy\" decoding=\"async\" width=\"768\" height=\"576\" src=\"https:\/\/hermanasdelaveracruz.avir.consulting\/wp-content\/uploads\/2021\/09\/IMG_20210803_162347-768x576.jpg\" class=\"attachment-medium_large size-medium_large wp-image-1619\" alt=\"\" srcset=\"https:\/\/hermanasdelaveracruz.avir.consulting\/wp-content\/uploads\/2021\/09\/IMG_20210803_162347-768x576.jpg 768w, https:\/\/hermanasdelaveracruz.avir.consulting\/wp-content\/uploads\/2021\/09\/IMG_20210803_162347-300x225.jpg 300w, https:\/\/hermanasdelaveracruz.avir.consulting\/wp-content\/uploads\/2021\/09\/IMG_20210803_162347-1024x768.jpg 1024w, https:\/\/hermanasdelaveracruz.avir.consulting\/wp-content\/uploads\/2021\/09\/IMG_20210803_162347-1536x1152.jpg 1536w, https:\/\/hermanasdelaveracruz.avir.consulting\/wp-content\/uploads\/2021\/09\/IMG_20210803_162347-2048x1536.jpg 2048w, https:\/\/hermanasdelaveracruz.avir.consulting\/wp-content\/uploads\/2021\/09\/IMG_20210803_162347-800x600.jpg 800w, https:\/\/hermanasdelaveracruz.avir.consulting\/wp-content\/uploads\/2021\/09\/IMG_20210803_162347-700x525.jpg 700w\" sizes=\"(max-width: 768px) 100vw, 768px\" \/>\t\t\t\t\t\t\t\t\t\t\t\t\t\t\t<\/div>\n\t\t\t\t<\/div>\n\t\t\t\t\t<\/div>\n\t\t<\/div>\n\t\t\t\t\t<\/div>\n\t\t<\/section>\n\t\t\t\t<section class=\"elementor-section elementor-top-section elementor-element elementor-element-5dadb81 elementor-section-stretched elementor-section-boxed elementor-section-height-default elementor-section-height-default parallax_section_no qode_elementor_container_no\" data-id=\"5dadb81\" data-element_type=\"section\" data-e-type=\"section\" data-settings=\"{&quot;stretch_section&quot;:&quot;section-stretched&quot;}\">\n\t\t\t\t\t\t<div class=\"elementor-container elementor-column-gap-default\">\n\t\t\t\t\t<div class=\"elementor-column elementor-col-50 elementor-top-column elementor-element elementor-element-1bfd32d\" data-id=\"1bfd32d\" data-element_type=\"column\" data-e-type=\"column\">\n\t\t\t<div class=\"elementor-widget-wrap elementor-element-populated\">\n\t\t\t\t\t\t<div class=\"elementor-element elementor-element-6989e89 elementor-widget elementor-widget-image\" data-id=\"6989e89\" data-element_type=\"widget\" data-e-type=\"widget\" data-widget_type=\"image.default\">\n\t\t\t\t<div class=\"elementor-widget-container\">\n\t\t\t\t\t\t\t\t\t\t\t\t\t\t\t<img loading=\"lazy\" decoding=\"async\" width=\"2345\" height=\"1928\" src=\"https:\/\/hermanasdelaveracruz.avir.consulting\/wp-content\/uploads\/2021\/11\/18_March_17-copia-2.png\" class=\"attachment-full size-full wp-image-2388\" alt=\"\" srcset=\"https:\/\/hermanasdelaveracruz.avir.consulting\/wp-content\/uploads\/2021\/11\/18_March_17-copia-2.png 2345w, https:\/\/hermanasdelaveracruz.avir.consulting\/wp-content\/uploads\/2021\/11\/18_March_17-copia-2-300x247.png 300w, https:\/\/hermanasdelaveracruz.avir.consulting\/wp-content\/uploads\/2021\/11\/18_March_17-copia-2-1024x842.png 1024w, https:\/\/hermanasdelaveracruz.avir.consulting\/wp-content\/uploads\/2021\/11\/18_March_17-copia-2-768x631.png 768w, https:\/\/hermanasdelaveracruz.avir.consulting\/wp-content\/uploads\/2021\/11\/18_March_17-copia-2-1536x1263.png 1536w, https:\/\/hermanasdelaveracruz.avir.consulting\/wp-content\/uploads\/2021\/11\/18_March_17-copia-2-2048x1684.png 2048w, https:\/\/hermanasdelaveracruz.avir.consulting\/wp-content\/uploads\/2021\/11\/18_March_17-copia-2-700x576.png 700w\" sizes=\"(max-width: 2345px) 100vw, 2345px\" \/>\t\t\t\t\t\t\t\t\t\t\t\t\t\t\t<\/div>\n\t\t\t\t<\/div>\n\t\t\t\t<div class=\"elementor-element elementor-element-86346a3 elementor-widget elementor-widget-bridge_button\" data-id=\"86346a3\" data-element_type=\"widget\" data-e-type=\"widget\" data-widget_type=\"bridge_button.default\">\n\t\t\t\t<div class=\"elementor-widget-container\">\n\t\t\t\t\t<a  itemprop=\"url\" href=\"open.spotify.com\" target=\"_parent\" data-hover-background-color='#20B325'  class=\"qbutton  center enlarge\" style=\"color: #FFFFFF; text-transform: inherit; background-color: #5BD75F;\">Esc\u00fachalo en Spotify<i class=\"qode_icon_font_awesome fa fa-headphones qode_button_icon_element\" style=\"\" ><\/i><\/a>\t\t\t\t<\/div>\n\t\t\t\t<\/div>\n\t\t\t\t\t<\/div>\n\t\t<\/div>\n\t\t\t\t<div class=\"elementor-column elementor-col-50 elementor-top-column elementor-element elementor-element-3ef86af\" data-id=\"3ef86af\" data-element_type=\"column\" data-e-type=\"column\">\n\t\t\t<div class=\"elementor-widget-wrap elementor-element-populated\">\n\t\t\t\t\t\t<div class=\"elementor-element elementor-element-f326874 elementor-widget elementor-widget-image\" data-id=\"f326874\" data-element_type=\"widget\" data-e-type=\"widget\" data-widget_type=\"image.default\">\n\t\t\t\t<div class=\"elementor-widget-container\">\n\t\t\t\t\t\t\t\t\t\t\t\t\t\t\t<img loading=\"lazy\" decoding=\"async\" width=\"2345\" height=\"1928\" src=\"https:\/\/hermanasdelaveracruz.avir.consulting\/wp-content\/uploads\/2021\/11\/Disco-2.png\" class=\"attachment-full size-full wp-image-2392\" alt=\"\" srcset=\"https:\/\/hermanasdelaveracruz.avir.consulting\/wp-content\/uploads\/2021\/11\/Disco-2.png 2345w, https:\/\/hermanasdelaveracruz.avir.consulting\/wp-content\/uploads\/2021\/11\/Disco-2-300x247.png 300w, https:\/\/hermanasdelaveracruz.avir.consulting\/wp-content\/uploads\/2021\/11\/Disco-2-1024x842.png 1024w, https:\/\/hermanasdelaveracruz.avir.consulting\/wp-content\/uploads\/2021\/11\/Disco-2-768x631.png 768w, https:\/\/hermanasdelaveracruz.avir.consulting\/wp-content\/uploads\/2021\/11\/Disco-2-1536x1263.png 1536w, https:\/\/hermanasdelaveracruz.avir.consulting\/wp-content\/uploads\/2021\/11\/Disco-2-2048x1684.png 2048w, https:\/\/hermanasdelaveracruz.avir.consulting\/wp-content\/uploads\/2021\/11\/Disco-2-700x576.png 700w\" sizes=\"(max-width: 2345px) 100vw, 2345px\" \/>\t\t\t\t\t\t\t\t\t\t\t\t\t\t\t<\/div>\n\t\t\t\t<\/div>\n\t\t\t\t<div class=\"elementor-element elementor-element-a7bf23b elementor-widget elementor-widget-bridge_button\" data-id=\"a7bf23b\" data-element_type=\"widget\" data-e-type=\"widget\" data-widget_type=\"bridge_button.default\">\n\t\t\t\t<div class=\"elementor-widget-container\">\n\t\t\t\t\t<a  itemprop=\"url\" href=\"open.spotify.com\" target=\"_parent\" data-hover-background-color='#20B325'  class=\"qbutton  center enlarge\" style=\"color: #FFFFFF; text-transform: inherit; background-color: #5BD75F;\">Esc\u00fachalo en Spotify<i class=\"qode_icon_font_awesome fa fa-headphones qode_button_icon_element\" style=\"\" ><\/i><\/a>\t\t\t\t<\/div>\n\t\t\t\t<\/div>\n\t\t\t\t\t<\/div>\n\t\t<\/div>\n\t\t\t\t\t<\/div>\n\t\t<\/section>\n\t\t\t\t<section class=\"elementor-section elementor-top-section elementor-element elementor-element-1cb2b673 elementor-section-stretched elementor-section-boxed elementor-section-height-default elementor-section-height-default parallax_section_no qode_elementor_container_no\" data-id=\"1cb2b673\" data-element_type=\"section\" data-e-type=\"section\" data-settings=\"{&quot;background_background&quot;:&quot;classic&quot;,&quot;shape_divider_top&quot;:&quot;opacity-tilt&quot;,&quot;stretch_section&quot;:&quot;section-stretched&quot;,&quot;shape_divider_bottom&quot;:&quot;opacity-tilt&quot;}\">\n\t\t\t\t\t\t\t<div class=\"elementor-background-overlay\"><\/div>\n\t\t\t\t\t\t<div class=\"elementor-shape elementor-shape-top\" aria-hidden=\"true\" data-negative=\"false\">\n\t\t\t<svg xmlns=\"http:\/\/www.w3.org\/2000\/svg\" viewBox=\"0 0 2600 131.1\" preserveAspectRatio=\"none\">\n\t<path class=\"elementor-shape-fill\" d=\"M0 0L2600 0 2600 69.1 0 0z\"\/>\n\t<path class=\"elementor-shape-fill\" style=\"opacity:0.5\" d=\"M0 0L2600 0 2600 69.1 0 69.1z\"\/>\n\t<path class=\"elementor-shape-fill\" style=\"opacity:0.25\" d=\"M2600 0L0 0 0 130.1 2600 69.1z\"\/>\n<\/svg>\t\t<\/div>\n\t\t\t\t<div class=\"elementor-shape elementor-shape-bottom\" aria-hidden=\"true\" data-negative=\"false\">\n\t\t\t<svg xmlns=\"http:\/\/www.w3.org\/2000\/svg\" viewBox=\"0 0 2600 131.1\" preserveAspectRatio=\"none\">\n\t<path class=\"elementor-shape-fill\" d=\"M0 0L2600 0 2600 69.1 0 0z\"\/>\n\t<path class=\"elementor-shape-fill\" style=\"opacity:0.5\" d=\"M0 0L2600 0 2600 69.1 0 69.1z\"\/>\n\t<path class=\"elementor-shape-fill\" style=\"opacity:0.25\" d=\"M2600 0L0 0 0 130.1 2600 69.1z\"\/>\n<\/svg>\t\t<\/div>\n\t\t\t\t\t<div class=\"elementor-container elementor-column-gap-default\">\n\t\t\t\t\t<div class=\"elementor-column elementor-col-100 elementor-top-column elementor-element elementor-element-78d744b3\" data-id=\"78d744b3\" data-element_type=\"column\" data-e-type=\"column\">\n\t\t\t<div class=\"elementor-widget-wrap elementor-element-populated\">\n\t\t\t\t\t\t<div class=\"elementor-element elementor-element-77e19879 elementor-widget elementor-widget-video\" data-id=\"77e19879\" data-element_type=\"widget\" data-e-type=\"widget\" data-settings=\"{&quot;youtube_url&quot;:&quot;https:\\\/\\\/youtu.be\\\/pCmgVCiXUrI&quot;,&quot;video_type&quot;:&quot;youtube&quot;,&quot;controls&quot;:&quot;yes&quot;}\" data-widget_type=\"video.default\">\n\t\t\t\t<div class=\"elementor-widget-container\">\n\t\t\t\t\t\t\t<div class=\"elementor-wrapper elementor-open-inline\">\n\t\t\t<div class=\"elementor-video\"><\/div>\t\t<\/div>\n\t\t\t\t\t\t<\/div>\n\t\t\t\t<\/div>\n\t\t\t\t\t<\/div>\n\t\t<\/div>\n\t\t\t\t\t<\/div>\n\t\t<\/section>\n\t\t\t\t<\/div>\n\t\t","protected":false},"excerpt":{"rendered":"<p>Ante la cultura emergente del hombre que piensa que no ha sido llamado a colaborar en la construcci\u00f3n del Reino en los diferentes estados de vida (matrimonial, solter\u00eda, vida consagrada), se hace importante proclamar que todos y cada uno hemos recibido la vocaci\u00f3n al servicio&#8230;<\/p>\n","protected":false},"author":1,"featured_media":0,"parent":0,"menu_order":0,"comment_status":"closed","ping_status":"closed","template":"","meta":{"footnotes":""},"class_list":["post-1573","page","type-page","status-publish","hentry"],"_links":{"self":[{"href":"https:\/\/hermanasdelaveracruz.avir.consulting\/index.php?rest_route=\/wp\/v2\/pages\/1573"}],"collection":[{"href":"https:\/\/hermanasdelaveracruz.avir.consulting\/index.php?rest_route=\/wp\/v2\/pages"}],"about":[{"href":"https:\/\/hermanasdelaveracruz.avir.consulting\/index.php?rest_route=\/wp\/v2\/types\/page"}],"author":[{"embeddable":true,"href":"https:\/\/hermanasdelaveracruz.avir.consulting\/index.php?rest_route=\/wp\/v2\/users\/1"}],"replies":[{"embeddable":true,"href":"https:\/\/hermanasdelaveracruz.avir.consulting\/index.php?rest_route=%2Fwp%2Fv2%2Fcomments&post=1573"}],"version-history":[{"count":8,"href":"https:\/\/hermanasdelaveracruz.avir.consulting\/index.php?rest_route=\/wp\/v2\/pages\/1573\/revisions"}],"predecessor-version":[{"id":2554,"href":"https:\/\/hermanasdelaveracruz.avir.consulting\/index.php?rest_route=\/wp\/v2\/pages\/1573\/revisions\/2554"}],"wp:attachment":[{"href":"https:\/\/hermanasdelaveracruz.avir.consulting\/index.php?rest_route=%2Fwp%2Fv2%2Fmedia&parent=1573"}],"curies":[{"name":"wp","href":"https:\/\/api.w.org\/{rel}","templated":true}]}}